{"id":878,"date":"2023-09-01T12:12:24","date_gmt":"2023-09-01T15:12:24","guid":{"rendered":"https:\/\/162.240.233.68\/hcode\/?page_id=878"},"modified":"2023-09-01T12:39:44","modified_gmt":"2023-09-01T15:39:44","slug":"privacidade","status":"publish","type":"page","link":"https:\/\/www.canalinternodux.com\/hcode\/privacidade\/","title":{"rendered":"Privacidade"},"content":{"rendered":"\t\t<div data-elementor-type=\"wp-page\" data-elementor-id=\"878\" class=\"elementor elementor-878\" data-elementor-post-type=\"page\">\n\t\t\t\t\t\t\t<div class=\"elementor-element elementor-element-feac0c3 e-flex e-con-boxed e-con e-parent\" data-id=\"feac0c3\" data-element_type=\"container\" data-settings=\"{&quot;jet_parallax_layout_list&quot;:[],&quot;content_width&quot;:&quot;boxed&quot;}\" data-core-v316-plus=\"true\">\n\t\t\t\t\t<div class=\"e-con-inner\">\n\t\t<div class=\"elementor-element elementor-element-edcb6e3 e-con-full e-flex e-con e-parent\" data-id=\"edcb6e3\" data-element_type=\"container\" data-settings=\"{&quot;jet_parallax_layout_list&quot;:[],&quot;content_width&quot;:&quot;full&quot;}\" data-core-v316-plus=\"true\">\n\t\t<div class=\"elementor-element elementor-element-9147430 e-con-full e-flex e-con e-parent\" data-id=\"9147430\" data-element_type=\"container\" data-settings=\"{&quot;content_width&quot;:&quot;full&quot;,&quot;background_background&quot;:&quot;classic&quot;,&quot;jet_parallax_layout_list&quot;:[]}\" data-core-v316-plus=\"true\">\n\t\t\t\t<div class=\"elementor-element elementor-element-8c52b9f elementor-widget elementor-widget-heading\" data-id=\"8c52b9f\" data-element_type=\"widget\" data-widget_type=\"heading.default\">\n\t\t\t\t<div class=\"elementor-widget-container\">\n\t\t\t<style>\/*! elementor - v3.17.0 - 08-11-2023 *\/\n.elementor-heading-title{padding:0;margin:0;line-height:1}.elementor-widget-heading .elementor-heading-title[class*=elementor-size-]>a{color:inherit;font-size:inherit;line-height:inherit}.elementor-widget-heading .elementor-heading-title.elementor-size-small{font-size:15px}.elementor-widget-heading .elementor-heading-title.elementor-size-medium{font-size:19px}.elementor-widget-heading .elementor-heading-title.elementor-size-large{font-size:29px}.elementor-widget-heading .elementor-heading-title.elementor-size-xl{font-size:39px}.elementor-widget-heading .elementor-heading-title.elementor-size-xxl{font-size:59px}<\/style><h2 class=\"elementor-heading-title elementor-size-default\">Privacidade<\/h2>\t\t<\/div>\n\t\t\t\t<\/div>\n\t\t\t\t<div class=\"elementor-element elementor-element-ff012f0 elementor-widget elementor-widget-text-editor\" data-id=\"ff012f0\" data-element_type=\"widget\" data-widget_type=\"text-editor.default\">\n\t\t\t\t<div class=\"elementor-widget-container\">\n\t\t\t<style>\/*! elementor - v3.17.0 - 08-11-2023 *\/\n.elementor-widget-text-editor.elementor-drop-cap-view-stacked .elementor-drop-cap{background-color:#69727d;color:#fff}.elementor-widget-text-editor.elementor-drop-cap-view-framed .elementor-drop-cap{color:#69727d;border:3px solid;background-color:transparent}.elementor-widget-text-editor:not(.elementor-drop-cap-view-default) .elementor-drop-cap{margin-top:8px}.elementor-widget-text-editor:not(.elementor-drop-cap-view-default) .elementor-drop-cap-letter{width:1em;height:1em}.elementor-widget-text-editor .elementor-drop-cap{float:left;text-align:center;line-height:1;font-size:50px}.elementor-widget-text-editor .elementor-drop-cap-letter{display:inline-block}<\/style>\t\t\t\t<p>Seja muito bem-vindo(a) ao Canal Interno da DUX.<\/p><p>Este canal \u00e9 reservado para voc\u00ea, para a sua comunica\u00e7\u00e3o segura tanto de forma identificada como an\u00f4nima, caso seja a sua prefer\u00eancia.<\/p><p>A ideia \u00e9 que seja utilizado para notificar qualquer conduta que viole os princ\u00edpios \u00e9ticos, pol\u00edticas e normas internas da DUX, que estejam em discord\u00e2ncia com o nosso c\u00f3digo de \u00e9tica, conduta e compliance.<\/p><p>Trata-se de um ambiente seguro, no qual todos os registros ser\u00e3o tratados com confidencialidade e imparcialidade, com acesso restrito ao RH, de forma que possa ser feita a an\u00e1lise adequada sobre a situa\u00e7\u00e3o relatada.<\/p><p>A DUX n\u00e3o tolera qualquer retalia\u00e7\u00e3o a nenhum colaborador em rela\u00e7\u00e3o a qualquer relato realizado.<\/p><p>Lembrando que todas as informa\u00e7\u00f5es registradas no Canal Interno ser\u00e3o verificadas e analisadas de forma sigilosa preservando a privacidade de cada um.<\/p>\t\t\t\t\t\t<\/div>\n\t\t\t\t<\/div>\n\t\t\t\t<\/div>\n\t\t\t\t<\/div>\n\t\t\t\t\t<\/div>\n\t\t\t\t<\/div>\n\t\t\t\t\t\t\t<\/div>\n\t\t","protected":false},"excerpt":{"rendered":"<p>Privacidade Seja muito bem-vindo(a) ao Canal Interno da DUX. Este canal \u00e9 reservado para voc\u00ea, para a sua comunica\u00e7\u00e3o segura tanto de forma identificada como an\u00f4nima, caso seja a sua prefer\u00eancia. A ideia \u00e9 que seja utilizado para notificar qualquer conduta que viole os princ\u00edpios \u00e9ticos, pol\u00edticas e normas internas da DUX, que estejam em [&hellip;]<\/p>\n","protected":false},"author":7,"featured_media":0,"parent":0,"menu_order":0,"comment_status":"closed","ping_status":"closed","template":"","meta":{"footnotes":""},"class_list":["post-878","page","type-page","status-publish","hentry"],"_links":{"self":[{"href":"https:\/\/www.canalinternodux.com\/hcode\/wp-json\/wp\/v2\/pages\/878","targetHints":{"allow":["GET"]}}],"collection":[{"href":"https:\/\/www.canalinternodux.com\/hcode\/wp-json\/wp\/v2\/pages"}],"about":[{"href":"https:\/\/www.canalinternodux.com\/hcode\/wp-json\/wp\/v2\/types\/page"}],"author":[{"embeddable":true,"href":"https:\/\/www.canalinternodux.com\/hcode\/wp-json\/wp\/v2\/users\/7"}],"replies":[{"embeddable":true,"href":"https:\/\/www.canalinternodux.com\/hcode\/wp-json\/wp\/v2\/comments?post=878"}],"version-history":[{"count":10,"href":"https:\/\/www.canalinternodux.com\/hcode\/wp-json\/wp\/v2\/pages\/878\/revisions"}],"predecessor-version":[{"id":904,"href":"https:\/\/www.canalinternodux.com\/hcode\/wp-json\/wp\/v2\/pages\/878\/revisions\/904"}],"wp:attachment":[{"href":"https:\/\/www.canalinternodux.com\/hcode\/wp-json\/wp\/v2\/media?parent=878"}],"curies":[{"name":"wp","href":"https:\/\/api.w.org\/{rel}","templated":true}]}}